{"id":5,"date":"2021-02-16T13:05:21","date_gmt":"2021-02-16T12:05:21","guid":{"rendered":"http:\/\/www.anseelefonds.be\/?page_id=5"},"modified":"2021-08-31T15:11:44","modified_gmt":"2021-08-31T14:11:44","slug":"de-cooperatieve-venootschap","status":"publish","type":"page","link":"https:\/\/www.anseelefonds.be\/?page_id=5","title":{"rendered":"Co\u00f6peratief nieuws"},"content":{"rendered":"\n<figure class=\"wp-block-image size-large is-resized is-style-rounded\"><img loading=\"lazy\" decoding=\"async\" src=\"https:\/\/www.anseelefonds.be\/wp-content\/uploads\/2021\/03\/web_vooruit000456-1.jpg\" alt=\"\" class=\"wp-image-170\" width=\"412\" height=\"609\" srcset=\"https:\/\/www.anseelefonds.be\/wp-content\/uploads\/2021\/03\/web_vooruit000456-1.jpg 676w, https:\/\/www.anseelefonds.be\/wp-content\/uploads\/2021\/03\/web_vooruit000456-1-203x300.jpg 203w\" sizes=\"auto, (max-width: 412px) 100vw, 412px\" \/><\/figure>\n\n\n\n<h4 class=\"wp-block-heading\">Burgercollectieven staan klaar om de post-coronasamenleving vorm te geven<\/h4>\n\n\n\n<p><em>Tine de Moor, Ton Duffhues, Eva Vriens<\/em><br><em>Institutions for Collective Action, Universiteit Utrecht<\/em><\/p>\n\n\n\n<p>Van muzikale solidariteitsbetuigingen tot boodschappendiensten en digitale buurthulplijnen \u2013 de coronacrisis zet aan tot sociale betrokkenheid en gemeenschapszin. De nieuwe burgercollectieven bevestigen een heropleving van de civil society die al langer te zien is. Maar hoe zorgen we dat ze bestendig zijn?<\/p>\n\n\n\n<p>Al enige tijd v\u00f3\u00f3r de financi\u00eble crisis in 2008 zien we in Nederland maar ook elders in Europa een sterke opkomst van burgercollectieven. Steeds meer burgers nemen het heft in eigen handen en gaan bijvoorbeeld hun eigen energie opwekken, zorg, ouderenondersteuning of kinderopvang organiseren, een onderling verzekeringsfonds uitbouwen, voedselcollectieven starten en zelfs een eigen glasvezelnetwerk aanleggen. Die collectieven komen deels voort uit ellende, op plekken waar de overheid zich terugtrekt en de markt die ruimte niet invult met een betaalbaar, toegankelijk en voldoende kwalitatief aanbod. Denk aan zorgco\u00f6peraties en broodfondsen voor zzp-ers. Evengoed zijn er collectieven ontstaan op terreinen met voldoende marktwerking, maar waar burgers zelf opportuniteiten zien om hun spaarcenten op een andere manier te investeren. Denk hier aan energie, mobiliteit, breedband, voedsel. Wat hun uitgangspunt ook is, een tweede, nadrukkelijke wens van deze collectieven is om bij te dragen aan een andere economie en duurzame samenleving.<\/p>\n\n\n\n<p> <li><a href=\"https:\/\/www.groene.nl\/artikel\/burgercollectieven-staan-klaar-om-de-post-coronasamenleving-vorm-te-geven\" data-type=\"URL\" data-id=\"https:\/\/www.groene.nl\/artikel\/burgercollectieven-staan-klaar-om-de-post-coronasamenleving-vorm-te-geven\">Lees het volledige artikel<\/a><\/li> <\/p>\n\n\n\n<h4 class=\"wp-block-heading\">Burgercollectieven als go-between tussen burger en overheid in en na crisistijden<\/h4>\n\n\n\n<p><em>Tine de Moor, Ton Duffhues, <\/em><br><em>Institutions for Collective Action, Rotterdam School of Management, Erasmus University<\/em><\/p>\n\n\n\n<p>In deze coronapaper bekijken wij zowel de mogelijkheden van burgercollectieven om de pandemie op korte termijn te pareren als ook hoe zij de post-coronasamenleving vorm kunnen geven. Om die twee potenties van burgercollectieven voor het voetlicht te brengen, is dit artikel opgezet als een combinatie van explorerend onderzoek met een gedachtenexperiment.<\/p>\n\n\n\n<p>We beginnen met een tekstanalyse van ongeveer twintig opinieartikelen over de coronacrisis die in de periode maart \u2013 mei 2020 verschenen. Hierbij zijn twee vragen van belang:<\/p>\n\n\n\n<ul class=\"wp-block-list\"><li>met welke waardenverschuivingen wordt de coronacrisis in verband gebracht, en<\/li><li>wordt er een directe relatie gelegd met burgercollectieven als een mogelijke basis voor de inzet van burgers om de samenleving als geheel vooruit te helpen?<\/li><\/ul>\n\n\n\n<p>Die laatste vraag verwijst ook naar de mogelijkheid dat door deelname aan collectieven pro-sociaal gedrag bij burgers gestimuleerd kan worden in de zin van leren, denken en doen in het algemeen belang in plaats van louter individueel belang. Vervolgens staan we stil bij de impact van corona op hun functioneren en schetsen we de uitdagingen die burgercollectieven zelf ervaren in hun relatie met overheden. Dat gebeurt op basis van onderzoek dat we in de zomer van 2020 hebben uitgevoerd. Met deze twee onderdelen koppelen we kansen van burgercollectieven en hun uitdagingen die ze nu tijdens, en deels mede door de pandemie ervaren aan elkaar.<\/p>\n\n\n\n<ul class=\"wp-block-list\"><li><a href=\"https:\/\/coronapapers.nl\/uploads\/media_item\/media_item\/153\/14\/Paper-de-Moor-Duffhues-Burgercollectieven-als-go-between-1612447713.pdf\">Lees het essay<\/a>&nbsp;(pdf, 0,2 MB)<\/li><\/ul>\n\n\n\n<p><strong>Gemeenschapsmunten: een co\u00f6peratieve uitvinding!<\/strong><\/p>\n\n\n\n<p>De coronacrisis heeft er bij de plaatselijke handelaars zwaar ingehakt. En dus is het logisch dat de overheid oplossingen zoekt om het lokaal economisch weefsel te versterken. E\u00e9n van de idee\u00ebn die Bart Somers, Vlaams Minister van Binnenlands Bestuur in zijn \u201cCoronagids voor burgemeesters\u201d lanceerde, was een cadeaubon waarmee de inwoners hun lokale economie zouden kunnen aanzwengelen.&nbsp; Zo\u2019n bon is evenwel maar een \u201cone shot\u201d: slechts \u00e9\u00e9n handelaar geniet een financieel voordeel. Op het moment dat hij zijn bon in euro\u2019s omzet, is het positieve effect op de lokale economie verdampt.<\/p>\n\n\n\n<p>Toch is het mogelijk om deze financi\u00eble injecties veel langer en diepgaander in de aderen van &nbsp;het lokale weefsel te laten circuleren. De oplossing? Geef deze cadeaubonnen niet onmiddellijk uit in euro\u2019s maar als gemeenschapsmunten (ook lokale of complementaire munten genoemd), &nbsp;gedekt door die euro\u2019s. Net zoals een cadeaubon kan de consument&nbsp; deze munten onmiddellijk gebruiken als lokaal betaalmiddel. Pas na een aantal transacties of na verloop van tijd kan hij ze terug naar euro\u2019s omruilen. Dat principe heet zandlopergeld. Terwijl de spreekwoordelijke zandloper loopt, gaat de munt in de eigen gemeente of streek van hand tot hand. Bij voorkeur een hele poos vooraleer opnieuw in de globale economie op te gaan.<\/p>\n\n\n\n<p>Een &nbsp;lokaal bestuur kan met dergelijke &nbsp;financi\u00eble injectie veel meer bereiken dan het opkrikken van de lokale economie. &nbsp;Ze kan actief bijdragen tot het leggen van nieuwe nieuwe verbindingen tussen verschillende beleidsdomeinen.<\/p>\n\n\n\n<p>Zo kan ze haar premies voor buurtfeesten als zandlopergeld uitkeren. De wijkcomit\u00e9s kunnen hiermee dan voor bier bij de lokale brouwer inslaan. &nbsp;De brouwer zal ermee de plaatselijke drukker van de etiketten van zijn bierflesjes vergoeden. Waarop de drukker op zijn beurt zijn verse groenten gaat kopen bij de lokale bioboer. Zo blijft het geld een hele tijd lokaal rollen en vergroot de sociale cohesie.<\/p>\n\n\n\n<p>Geen wonder dat vele co\u00f6peraties de gemeenschapsmunt genegen zijn en het gebruik ervan actief promoten. En dat is geen toeval!<\/p>\n\n\n\n<p>Volgens het Netwerk van gemeenschapsmunten kan een lokale gemeenschap met een eigen munt&nbsp; o.a. &nbsp;volgende doelen realiseren:<\/p>\n\n\n\n<p><strong>Cocreatie: samen gemeenschappelijke doelen stellen<\/strong><\/p>\n\n\n\n<p>Een gemeenschap kan zelf bepalen hoe een bepaalde munt wordt gebruikt. De munt is een middel om maatschappelijke doelen publiek te beheren. Door het bestuur ervan in eigen handen te nemen, geeft men hun samenleving en economie zelf deels vorm.<\/p>\n\n\n\n<p><strong>Ecologische duurzaamheid: milieuvriendelijk gedrag belonen<\/strong><\/p>\n\n\n\n<p>Soms kunnen mensen een duwtje in de rug gebruiken om milieuvriendelijk te handelen. Het belonen van ecologisch verantwoord gedrag kan door middel van een gemeenschapsmunt. Zo worden o.a. korte keten initiatieven, de deeleconomie, milieuzorg en lokale energiestrategie\u00ebn gesteund, niet zelden zijn dat co\u00f6peratieve projecten.<\/p>\n\n\n\n<p><strong>Sociale duurzaamheid: kansen geven en mensen versterken<\/strong><\/p>\n\n\n\n<p>Gemeenschapsmunten verbinden mensen en organisaties met elkaar. Zo wordt het maatschappelijke weefsel versterkt. Sommige munten ruggensteunen activiteiten binnen de sociale economie. Bijvoorbeeld door het ondersteunen van een arbeidszorginitiatief. Daarbij ontwikkelen mensen binnen de gemeenschap hun vaardigheden en werkattitude.<\/p>\n\n\n\n<p>Dat klink allemaal niet alleen zeer co\u00f6peratief. En dat is het ook!<\/p>\n\n\n\n<p>Wist je dat de &nbsp;eerste co\u00f6peraties van Anseele op het einde van de 19de eeuw met de zogenaamde broodpenningen de uitvinders van complementaire munten waren?<\/p>\n\n\n\n<p>Leden van de co\u00f6peratie konden broodpenningen &nbsp;kopen die net iets duurder waren dan gewoon brood, maar enkele keren per jaar konden ze dan in de winst delen. Deze winst werd echter niet in cash uitbetaald maar in nieuwe broodpenningen. Interessant voor de gebruiker want die zag zijn koopkracht toenemen.&nbsp; Tegelijk bleef het geld in de co\u00f6peratie die het kon aanwenden om er nieuwe co\u00f6peratieve projecten mee te financieren.<\/p>\n\n\n\n<p>&nbsp;De veelal koperen of zinken muntjes waarmee destijds brood gekocht kon worden, zijn vandaag fel begeerde verzamelobjecten! Benieuwd of dat met de kartonnen, laat staan digitale gemeenschapsmunt binnen honderd jaar het geval zal zijn.<\/p>\n\n\n\n<p>Peter Bosmans<\/p>\n","protected":false},"excerpt":{"rendered":"<p>Burgercollectieven staan klaar om de post-coronasamenleving vorm te geven Tine de Moor, Ton Duffhues, Eva VriensInstitutions for Collective Action, Universiteit Utrecht Van muzikale solidariteitsbetuigingen tot boodschappendiensten en digitale buurthulplijnen \u2013 de coronacrisis zet aan tot sociale betrokkenheid en gemeenschapszin. De nieuwe burgercollectieven bevestigen een heropleving van de civil society die al langer te zien is. &hellip; <\/p>\n<p class=\"link-more\"><a href=\"https:\/\/www.anseelefonds.be\/?page_id=5\" class=\"more-link\">Lees verder<span class=\"screen-reader-text\"> &#8220;Co\u00f6peratief nieuws&#8221;<\/span><\/a><\/p>\n","protected":false},"author":3810,"featured_media":0,"parent":0,"menu_order":0,"comment_status":"closed","ping_status":"closed","template":"","meta":{"footnotes":""},"class_list":["post-5","page","type-page","status-publish","hentry","entry"],"_links":{"self":[{"href":"https:\/\/www.anseelefonds.be\/index.php?rest_route=\/wp\/v2\/pages\/5","targetHints":{"allow":["GET"]}}],"collection":[{"href":"https:\/\/www.anseelefonds.be\/index.php?rest_route=\/wp\/v2\/pages"}],"about":[{"href":"https:\/\/www.anseelefonds.be\/index.php?rest_route=\/wp\/v2\/types\/page"}],"author":[{"embeddable":true,"href":"https:\/\/www.anseelefonds.be\/index.php?rest_route=\/wp\/v2\/users\/3810"}],"replies":[{"embeddable":true,"href":"https:\/\/www.anseelefonds.be\/index.php?rest_route=%2Fwp%2Fv2%2Fcomments&post=5"}],"version-history":[{"count":10,"href":"https:\/\/www.anseelefonds.be\/index.php?rest_route=\/wp\/v2\/pages\/5\/revisions"}],"predecessor-version":[{"id":189,"href":"https:\/\/www.anseelefonds.be\/index.php?rest_route=\/wp\/v2\/pages\/5\/revisions\/189"}],"wp:attachment":[{"href":"https:\/\/www.anseelefonds.be\/index.php?rest_route=%2Fwp%2Fv2%2Fmedia&parent=5"}],"curies":[{"name":"wp","href":"https:\/\/api.w.org\/{rel}","templated":true}]}}