{"id":74,"date":"2021-03-01T17:59:26","date_gmt":"2021-03-01T16:59:26","guid":{"rendered":"http:\/\/www.anseelefonds.be\/?page_id=74"},"modified":"2021-03-05T11:16:13","modified_gmt":"2021-03-05T10:16:13","slug":"cooperaties-vroeger-en-nu","status":"publish","type":"page","link":"https:\/\/www.anseelefonds.be\/?page_id=74","title":{"rendered":"Co\u00f6peraties: vroeger en nu"},"content":{"rendered":"\n<figure class=\"wp-block-image size-large is-resized is-style-rounded\"><img loading=\"lazy\" decoding=\"async\" src=\"https:\/\/www.anseelefonds.be\/wp-content\/uploads\/2021\/03\/Vooruit.png\" alt=\"\" class=\"wp-image-165\" width=\"720\" height=\"456\" srcset=\"https:\/\/www.anseelefonds.be\/wp-content\/uploads\/2021\/03\/Vooruit.png 894w, https:\/\/www.anseelefonds.be\/wp-content\/uploads\/2021\/03\/Vooruit-300x190.png 300w, https:\/\/www.anseelefonds.be\/wp-content\/uploads\/2021\/03\/Vooruit-768x486.png 768w\" sizes=\"auto, (max-width: 720px) 100vw, 720px\" \/><\/figure>\n\n\n\n<p><strong>Sociale bescherming en co\u00f6peraties : hand in hand<\/strong><\/p>\n\n\n\n<p>2021 is 1921 niet. Gelukkig maar. In het begin van de 20<sup>ste<\/sup> eeuw, was er nog lang geen sprake van de terugbetaling van geneeskundige zorgen en medicijnen, een verzekering tegen werkloosheid en\u00a0 pensioenen, \u2026. Doordat we er als werknemer kunnen vanuit gaan dat ook in tijden van ziekte, werkloosheid, of pensionering &#8212; kortom, als ons inkomen uit arbeid wegvalt&#8211; het behoud van onze levensstandaard min of meer\u00a0 verzekerd is dankzij het sociale zekerheidssysteem, hoeft niet ieder voor zich onnodig provisies op te potten voor kwade tijden die misschien wel, misschien niet zullen komen. Zo kunnen de meeste loontrekkenden zich een vrij hoge levensstandaard veroorloven. Dit alles is te danken aan de strijd van de arbeidersbeweging, waarvan een\u00a0 voorman als Anseele, de onbetwistbare leider was. Om tot meer sociale rechtvaardigheid te komen, gingen \u00a0sociale strijd en de oprichting van co\u00f6peraties bij hem hand in hand.<\/p>\n\n\n\n<p>Toch begint 2021 toch opvallend veel te gelijken op 1921. &nbsp;Jammer genoeg. In het begin van de 21<sup>ste<\/sup> eeuw kenden we de opkomst van de gig-economie. Dat is een vrije-marktsysteem waarin tijdelijke opdrachten&nbsp; de norm zijn en werkgevers&nbsp; een contract sluiten met onafhankelijke werknemers voor zeer kortlopende opdrachten. Dergelijke flexibele werknemers hebben het statuut van zelfstandige. Ze kunnen dus niet terugvallen op ontslagbescherming een ontslagvergoeding, minimumloon, doorbetaling in geval van ziekte of de opbouw van pensioenrechten. Bovendien zijn flexwerkers per definitie \u201cde elastiek\u201d &nbsp;van de arbeidsmarkt. Gemakkelijk op te roepen in tijden van hoogconjunctuur. Maar even gemakkelijk terug naar af gestuurd als het economisch klimaat plots tegenzit. Wat de laatste maanden zoals te verwachten en te voorzien was \u201cen masse\u201d gebeurde. De eerste sociale slachtoffers van de coronacrisis waren tewerkgesteld in de evenementensector, de horeca, \u2026<\/p>\n\n\n\n<p>Ook nu weer komt het alternatief uit co\u00f6peratieve hoek. En meer bepaald SMart. De Soci\u00e9t\u00e9 Mutuelle pour artistes die in 1998 in de vorm van een vzw werd opgericht, gaat sinds 2017 door het leven als een co\u00f6peratieve vennootschap \u2013 sociale onderneming.<\/p>\n\n\n\n<p>Via SMart kunnen de flexwerkers hun activiteiten op een autonome manier beheren en hun prestaties factureren. Ze vinden zelf hun klanten, bepalen zelf het factuurbedrag en hun activiteiten. Voor hun klanten doen ze dus gewoon wat andere zelfstandigen doen.<\/p>\n\n\n\n<p>Voor elke prestatie is Smart evenwel de werkgever, waardoor de werkers een statuut van loontrekkende hebben. Smart zorgt dus voor alle sociale en fiscale aangiften die verband houden met hun activiteiten. De co\u00f6peratie biedt daarbij de beste sociale bescherming en ontwikkelt andere gedeelde diensten. Het statuut dat zo ontstaat, zou gedefinieerd kunnen worden als \u201cloontrekkende ondernemer.\u201d Sedert haar oprichting kon ze om en bij de 100.000 werkers helpen om uit de grijze zone te treden en hun professionele projecten te ontwikkelen binnen een wettelijk, fiscaal kader in de vorm van contracten voor loontrekkenden.<\/p>\n\n\n\n<p>Meer info? https:\/\/smartbe.be\/nl\/smart-in-een-notendop\/<\/p>\n\n\n\n<p>Peter Bosmans<\/p>\n","protected":false},"excerpt":{"rendered":"<p>Sociale bescherming en co\u00f6peraties : hand in hand 2021 is 1921 niet. Gelukkig maar. In het begin van de 20ste eeuw, was er nog lang geen sprake van de terugbetaling van geneeskundige zorgen en medicijnen, een verzekering tegen werkloosheid en\u00a0 pensioenen, \u2026. Doordat we er als werknemer kunnen vanuit gaan dat ook in tijden van &hellip; <\/p>\n<p class=\"link-more\"><a href=\"https:\/\/www.anseelefonds.be\/?page_id=74\" class=\"more-link\">Lees verder<span class=\"screen-reader-text\"> &#8220;Co\u00f6peraties: vroeger en nu&#8221;<\/span><\/a><\/p>\n","protected":false},"author":3810,"featured_media":0,"parent":0,"menu_order":0,"comment_status":"closed","ping_status":"closed","template":"","meta":{"footnotes":""},"class_list":["post-74","page","type-page","status-publish","hentry","entry"],"_links":{"self":[{"href":"https:\/\/www.anseelefonds.be\/index.php?rest_route=\/wp\/v2\/pages\/74","targetHints":{"allow":["GET"]}}],"collection":[{"href":"https:\/\/www.anseelefonds.be\/index.php?rest_route=\/wp\/v2\/pages"}],"about":[{"href":"https:\/\/www.anseelefonds.be\/index.php?rest_route=\/wp\/v2\/types\/page"}],"author":[{"embeddable":true,"href":"https:\/\/www.anseelefonds.be\/index.php?rest_route=\/wp\/v2\/users\/3810"}],"replies":[{"embeddable":true,"href":"https:\/\/www.anseelefonds.be\/index.php?rest_route=%2Fwp%2Fv2%2Fcomments&post=74"}],"version-history":[{"count":4,"href":"https:\/\/www.anseelefonds.be\/index.php?rest_route=\/wp\/v2\/pages\/74\/revisions"}],"predecessor-version":[{"id":168,"href":"https:\/\/www.anseelefonds.be\/index.php?rest_route=\/wp\/v2\/pages\/74\/revisions\/168"}],"wp:attachment":[{"href":"https:\/\/www.anseelefonds.be\/index.php?rest_route=%2Fwp%2Fv2%2Fmedia&parent=74"}],"curies":[{"name":"wp","href":"https:\/\/api.w.org\/{rel}","templated":true}]}}